{"id":8,"date":"2018-06-05T13:16:02","date_gmt":"2018-06-05T12:16:02","guid":{"rendered":"http:\/\/www.kjgo.ch\/kjgowp\/?page_id=8"},"modified":"2025-04-21T20:03:52","modified_gmt":"2025-04-21T19:03:52","slug":"mitgliedsvereine","status":"publish","type":"page","link":"https:\/\/www.kjgo.ch\/kjgowp\/?page_id=8","title":{"rendered":"Mitgliedsvereine"},"content":{"rendered":"\n<p>Folgende Vereine sind Mitglied der KJGO:<\/p>\n\n\n\n<p><strong>SPORTVEREINE<\/strong><\/p>\n\n\n\n<figure class=\"wp-block-table\"><table><tbody><tr><td>Badminton Club K\u00f6niz<\/td><td><a href=\"http:\/\/www.bckoeniz.ch\/\">www.bckoeniz.ch<\/a><\/td><\/tr><tr><td>EHC Schwarzenburg K\u00f6niz<\/td><td><a href=\"https:\/\/ehcsk.ch\/\">www.ehcsk.ch<\/a><\/td><\/tr><tr><td>Floorball K\u00f6niz<\/td><td><a href=\"http:\/\/www.floorball-koeniz.ch\/\">www.floorball-koeniz.ch<\/a><\/td><\/tr><tr><td>Fussballclub K\u00f6niz<\/td><td><a href=\"https:\/\/www.fckoeniz1933.ch\">www.fckoeniz1933.ch<\/a><\/td><\/tr><tr><td>Fussballclub Sternenberg<\/td><td><a href=\"http:\/\/www.fcsternenberg.ch\/\">www.fcsternenberg.ch<\/a><\/td><\/tr><tr><td>Judokai K\u00f6niz<\/td><td><a href=\"http:\/\/www.judokai.ch\/\">www.judokai.ch<\/a><\/td><\/tr><tr><td>Satus K\u00f6niz<\/td><td><a href=\"http:\/\/www.satuskoeniz.ch\/\">www.satuskoeniz.ch<\/a><\/td><\/tr><tr><td>Schachklub K\u00f6niz Bubenberg<\/td><td><a href=\"https:\/\/skkb.ch\/\">www.skkb.ch<\/a><\/td><\/tr><tr><td>Sportclub Schliern<\/td><td><a href=\"http:\/\/www.scschliern.ch\/\">www.scschliern.ch<\/a><\/td><\/tr><tr><td>Sportverein K\u00f6niz<\/td><td><a href=\"http:\/\/www.sportvereinkoeniz.ch\/\">www.sportvereinkoeniz.ch<\/a><\/td><\/tr><tr><td>Tennisclub K\u00f6niz<\/td><td><a href=\"http:\/\/www.tckoeniz.ch\/\">www.tckoeniz.ch<\/a><\/td><\/tr><tr><td>Tischtennisclub K\u00f6niz<\/td><td><a href=\"http:\/\/www.ttckoeniz.ch\/\">www.ttckoeniz.ch<\/a><\/td><\/tr><tr><td>Turnverein Niederscherli<\/td><td><a href=\"http:\/\/www.tv-niederscherli.ch\/\">www.tv-niederscherli.ch<\/a><\/td><\/tr><tr><td>Turnverein Oberwangen<\/td><td><a href=\"http:\/\/www.tv-oberwangen.ch\/\">www.tv-oberwangen.ch<\/a><\/td><\/tr><tr><td>Volley K\u00f6niz<\/td><td><a href=\"http:\/\/www.volley-koeniz.ch\/\">www.volley-koeniz.ch<\/a><\/td><\/tr><\/tbody><\/table><\/figure>\n\n\n\n<p><strong>PFADI \/ JUNGSCHAR<\/strong><\/p>\n\n\n\n<figure class=\"wp-block-table\"><table><tbody><tr><td>Pfadi Falkenstein<\/td><td><a href=\"http:\/\/www.pfadi-falkenstein.ch\">www.pfadi-falkenstein.ch<\/a><\/td><\/tr><tr><td>Pfadi St. Josef<\/td><td><a href=\"https:\/\/www.pfadi-stjosef.ch\/\">www.pfadi-stjosef.ch<\/a><\/td><\/tr><tr><td>Jungschar Wangental<\/td><td><a href=\"https:\/\/www.jugendarbeit-wangental.ch\/jungschar\/\">www.jugendarbeit-wangental.ch\/jungschar<\/a><\/td><\/tr><tr><td>Jungschar Windrose<\/td><td><a href=\"https:\/\/jswindrose.jemk.ch\/\">https:\/\/jswindrose.jemk.ch<\/a><\/td><\/tr><tr><td>CEVI JS K\u00f6niz-Liebefeld<\/td><td><a href=\"http:\/\/www.xn--cevi-kniz-57a.ch\/\">www.cevi-k\u00f6niz.ch<\/a><\/td><\/tr><tr><td>Jungschar Terra Nova<\/td><td><a href=\"https:\/\/jsterranova.jemk.ch\/\">https:\/\/jsterranova.jemk.ch<\/a><\/td><\/tr><\/tbody><\/table><\/figure>\n\n\n\n<p><strong>MUSIKVEREINE<\/strong><\/p>\n\n\n\n<figure class=\"wp-block-table\"><table><tbody><tr><td>&nbsp;<\/td><td>&nbsp;<\/td><\/tr><tr><td>Jugendorchester K\u00f6niz<\/td><td><a href=\"http:\/\/www.jugendorchester.ch\/\">www.jugendorchester.ch<\/a><\/td><\/tr><tr><td>MG Schliern, Musikgesellschaft<\/td><td><a href=\"http:\/\/www.mg-schliern.ch\/\">www.mg-schliern.ch<\/a><\/td><\/tr><\/tbody><\/table><\/figure>\n\n\n\n<p><strong>SPIELGRUPPEN<\/strong><\/p>\n\n\n\n<figure class=\"wp-block-table\"><table><tbody><tr><td>Dusse Verusse<\/td><td><a href=\"http:\/\/www.dusse-verusse.ch\/\">www.dusse-verusse.ch<\/a><\/td><\/tr><tr><td>Spielgruppen K\u00f6niz<\/td><td><a href=\"http:\/\/www.spielgruppenkoeniz.ch\/\">www.spielgruppenkoeniz.ch<\/a><\/td><\/tr><tr><td>Spielgruppe Chr\u00fcsim\u00fcsi<\/td><td><a href=\"http:\/\/familienverein-sensetal.ch\/infos-zur-spielgruppe\/\">www.familienverein-sensetal.ch<\/a><\/td><\/tr><tr><td>Spielgruppe Schn\u00e4gg\u00e4h\u00fcsli<\/td><td><a href=\"http:\/\/www.schnaeggaehuesli.ch\/\" data-type=\"URL\" data-id=\"http:\/\/www.schnaeggaehuesli.ch\/\" target=\"_blank\" rel=\"noreferrer noopener\">www.schnaeggaehuesli.ch<\/a><\/td><\/tr><tr><td><p>Spielgruppe Sunnestrahl Schliern<\/p><\/td><td><p><a href=\"http:\/\/www.ekschliern.ch\">www.ekschliern.ch<\/a><\/p><\/td><\/tr><\/tbody><\/table><\/figure>\n\n\n\n<p><strong>ELTERN \/ FAMILIENVEREINE<\/strong><\/p>\n\n\n\n<figure class=\"wp-block-table\"><table><tbody><tr><td>Elterngruppe Wabern<\/td><td><a href=\"http:\/\/www.wabern.ch\/index.php?page=513\">www.wabern.ch\/index.php?page=513<\/a><\/td><\/tr><tr><td>Elternklub Schliern<\/td><td><a href=\"http:\/\/www.ekschliern.ch\/\">www.ekschliern.ch<\/a><\/td><\/tr><tr><td>Elternverein ZIG ZAG Oberwangen<\/td><td><a href=\"http:\/\/www.elternverein-oberwangen.ch\/\">www.elternverein-oberwangen.ch<\/a><\/td><\/tr><tr><td>Familienclub Spiegel<\/td><td><a href=\"http:\/\/www.familienclub-spiegel.ch\/\">www.familienclub-spiegel.ch<\/a><\/td><\/tr><tr><td>Familienverein Sensetal Th\u00f6rishaus<\/td><td><a href=\"http:\/\/familienverein-sensetal.ch\/\">www.familienverein-sensetal.ch<\/a><\/td><\/tr><tr><td>FAMZE K\u00f6niz<\/td><td>www.familienzentrumkoeniz.ch<\/td><\/tr><\/tbody><\/table><\/figure>\n\n\n\n<p><strong>LUDOTHEKEN \/ BIBLIOTHEKEN<\/strong><\/p>\n\n\n\n<figure class=\"wp-block-table\"><table><tbody><tr><td>K\u00f6nizer Bibliotheken<\/td><td><a href=\"http:\/\/www.xn--knizerbibliotheken-d3b.ch\/\">www.k\u00f6nizerbibliotheken.ch<\/a><\/td><\/tr><tr><td>Ludothek Schliern K\u00f6niz<\/td><td><a href=\"http:\/\/www.ludothek-schliern-koeniz.ch\/\">www.ludothek-schliern-koeniz.ch<\/a><\/td><\/tr><tr><td>Ludothek Wabern<\/td><td><a href=\"http:\/\/www.ludothek-wabern.ch\">www.ludothek-wabern.ch<\/a><\/td><\/tr><tr><td>Ludothek Th\u00f6rishaus<\/td><td><a href=\"http:\/\/familienverein-sensetal.ch\/\">www.familienverein-sensetal.ch<\/a><\/td><\/tr><\/tbody><\/table><\/figure>\n\n\n\n<p><b>Vermietungen<\/b><\/p>\n\n\n\n<figure class=\"wp-block-table\"><table><tbody><tr><td>Heimverein Falkenstein<\/td><td><a href=\"http:\/\/www.pfadi-falkenstein.ch\/heime\">www.pfadi-falkenstein.ch\/heime<\/a><\/td><\/tr><tr><td>&nbsp;<\/td><td>&nbsp;<\/td><\/tr><\/tbody><\/table><\/figure>\n\n\n\n<p><strong>Kirchgemeinden K\u00f6niz<\/strong><\/p>\n\n\n\n<figure class=\"wp-block-table\"><table><tbody><tr><td>Evangelisch-reformierte Kirchgemeinde K\u00f6niz<\/td><td><a href=\"http:\/\/www.kg-koeniz.ch\/\">www.kg-koeniz.ch<\/a><\/td><\/tr><tr><td>\u2013 Kirchenkreis Wabern<\/td><td>&nbsp;<\/td><\/tr><tr><td>\u2013 Kirchenkreis Spiegel<\/td><td>&nbsp;<\/td><\/tr><tr><td>\u2013 Kirchenkreis Mitte (Liebefeld \u2013 K\u00f6niz \u2013 Schliern)<\/td><td>&nbsp;<\/td><\/tr><tr><td>\u2013 Kirchenkreis Niederscherli<\/td><td>&nbsp;<\/td><\/tr><tr><td>\u2013 Kirchenkreis Oberwangen<\/td><td><a href=\"http:\/\/www.jugendarbeit-wangental.ch\">www.jugendarbeit-wangental.ch<\/a><\/td><\/tr><tr><td>Katholische Pfarrei St. Josef, K\u00f6niz<\/td><td><a href=\"http:\/\/www.sanktjosefkoeniz.ch\/\">www.sanktjosefkoeniz.ch<\/a><\/td><\/tr><\/tbody><\/table><\/figure>\n\n\n\n<p><strong>SONSTIGES<\/strong><\/p>\n\n\n\n<figure class=\"wp-block-table\"><table><tbody><tr><td>Jugendarbeit K\u00f6niz<\/td><td><a href=\"http:\/\/www.juk.ch\/\">www.juk.ch<\/a><\/td><\/tr><tr><td>Learn4Life<\/td><td><a href=\"http:\/\/www.l4l.ch\/\">www.l4l.ch<\/a><\/td><\/tr><tr><td>Verein Ungerw\u00e4gs<\/td><td><a href=\"http:\/\/www.ungerwaegs-international.ch\/\">www.ungerwaegs-international.ch<\/a><\/td><\/tr><tr><td>Verein Trampolinnachmittag<\/td><td><a href=\"https:\/\/trampolinfun.ch\/\">www.trampolinfun.ch<\/a><\/td><\/tr><\/tbody><\/table><\/figure>\n","protected":false},"excerpt":{"rendered":"<p>Folgende Vereine sind Mitglied der KJGO: SPORTVEREINE Badminton Club K\u00f6niz www.bckoeniz.ch EHC Schwarzenburg K\u00f6niz www.ehcsk.ch Floorball K\u00f6niz www.floorball-koeniz.ch Fussballclub K\u00f6niz www.fckoeniz1933.ch Fussballclub Sternenberg www.fcsternenberg.ch Judokai K\u00f6niz www.judokai.ch Satus K\u00f6niz www.satuskoeniz.ch Schachklub K\u00f6niz Bubenberg www.skkb.ch Sportclub Schliern www.scschliern.ch Sportverein K\u00f6niz www.sportvereinkoeniz.ch Tennisclub K\u00f6niz www.tckoeniz.ch Tischtennisclub K\u00f6niz www.ttckoeniz.ch Turnverein Niederscherli www.tv-niederscherli.ch Turnverein Oberwangen www.tv-oberwangen.ch Volley K\u00f6niz www.volley-koeniz.ch &hellip; <a href=\"https:\/\/www.kjgo.ch\/kjgowp\/?page_id=8\" class=\"more-link\"><span class=\"screen-reader-text\">Mitgliedsvereine<\/span> weiterlesen <span class=\"meta-nav\">&rarr;<\/span><\/a><\/p>\n","protected":false},"author":1,"featured_media":0,"parent":0,"menu_order":0,"comment_status":"closed","ping_status":"closed","template":"","meta":{"footnotes":""},"class_list":["post-8","page","type-page","status-publish","hentry"],"_links":{"self":[{"href":"https:\/\/www.kjgo.ch\/kjgowp\/index.php?rest_route=\/wp\/v2\/pages\/8","targetHints":{"allow":["GET"]}}],"collection":[{"href":"https:\/\/www.kjgo.ch\/kjgowp\/index.php?rest_route=\/wp\/v2\/pages"}],"about":[{"href":"https:\/\/www.kjgo.ch\/kjgowp\/index.php?rest_route=\/wp\/v2\/types\/page"}],"author":[{"embeddable":true,"href":"https:\/\/www.kjgo.ch\/kjgowp\/index.php?rest_route=\/wp\/v2\/users\/1"}],"replies":[{"embeddable":true,"href":"https:\/\/www.kjgo.ch\/kjgowp\/index.php?rest_route=%2Fwp%2Fv2%2Fcomments&post=8"}],"version-history":[{"count":39,"href":"https:\/\/www.kjgo.ch\/kjgowp\/index.php?rest_route=\/wp\/v2\/pages\/8\/revisions"}],"predecessor-version":[{"id":610,"href":"https:\/\/www.kjgo.ch\/kjgowp\/index.php?rest_route=\/wp\/v2\/pages\/8\/revisions\/610"}],"wp:attachment":[{"href":"https:\/\/www.kjgo.ch\/kjgowp\/index.php?rest_route=%2Fwp%2Fv2%2Fmedia&parent=8"}],"curies":[{"name":"wp","href":"https:\/\/api.w.org\/{rel}","templated":true}]}}