{"id":23,"date":"2018-06-05T13:23:27","date_gmt":"2018-06-05T12:23:27","guid":{"rendered":"http:\/\/www.kjgo.ch\/kjgowp\/?page_id=23"},"modified":"2024-03-17T20:54:12","modified_gmt":"2024-03-17T19:54:12","slug":"vorstand-kontakt","status":"publish","type":"page","link":"https:\/\/www.kjgo.ch\/kjgowp\/?page_id=23","title":{"rendered":"Vorstand \/ Kontakt"},"content":{"rendered":"\n<h2 class=\"wp-block-heading has-medium-font-size\">Kontakte<\/h2>\n\n\n\n<figure class=\"wp-block-table\"><table class=\"has-fixed-layout\"><tbody><tr><td>Allg. Kontaktadresse:<br>KJGO<br>(K\u00f6nizer Jugendgruppen Dach-Organisation)<br>3098 K\u00f6niz<\/td><td><a href=\"mailto:info@kjgo.ch\">Kontakt per E-Mail<\/a><\/td><\/tr><tr><td>Adress\u00e4nderungen<\/td><td><a href=\"mailto:adressen@kjgo.ch\" data-type=\"mailto\" data-id=\"mailto:adressen@kjgo.ch\">Kontakt per E-Mail<\/a><\/td><\/tr><tr><td>F\u00fcr interessierte Neumitglieder<\/td><td><a href=\"mailto:praesident@kjgo.ch\" data-type=\"mailto\" data-id=\"mailto:praesident@kjgo.ch\">Kontakt per E-Mail<\/a><\/td><\/tr><tr><td>F\u00fcr Hinweise rund um unsere Anschlagk\u00e4sten und Publireportagen<\/td><td><a href=\"mailto:publi@kjgo.ch\" data-type=\"mailto\" data-id=\"mailto:publi@kjgo.ch\">Kontakt per E-Mail<\/a><\/td><\/tr><tr><td>Website<\/td><td><a href=\"mailto:web@kjgo.ch\" data-type=\"mailto\" data-id=\"mailto:web@kjgo.ch\">Kontakt per E-Mail<\/a><\/td><\/tr><\/tbody><\/table><\/figure>\n\n\n\n<h2 class=\"wp-block-heading has-medium-font-size\">Aktueller Vorstand<\/h2>\n\n\n\n<figure class=\"wp-block-table\"><table class=\"has-fixed-layout\"><tbody><tr><td><strong>Daniel Gerster<\/strong><br>Pr\u00e4sident<\/td><td><a href=\"mailto:praesident@kjgo.ch\" data-type=\"mailto\" data-id=\"mailto:praesident@kjgo.ch\">Kontakt per E-Mail<\/a><\/td><\/tr><tr><td><strong>Cathrine Liechti<\/strong><br>Vize-Pr\u00e4sidentin, Politik<\/td><td><a href=\"mailto:politik@kjgo.ch\" data-type=\"mailto\" data-id=\"mailto:politik@kjgo.ch\">Kontakt per E-Mail<\/a><\/td><\/tr><tr><td><strong>Anita McEvoy<\/strong><br>\u00d6ffentlichkeitsarbeit<\/td><td><a href=\"mailto:publi@kjgo.ch\" data-type=\"mailto\" data-id=\"mailto:publi@kjgo.ch\">Kontakt per E-Mail<\/a><\/td><\/tr><tr><td><strong>Titus Zimmermann<\/strong><br>Kassier<\/td><td><a href=\"mailto:kassier@kjgo.ch\" data-type=\"mailto\" data-id=\"mailto:kassier@kjgo.ch\">Kontakt per E-Mail<\/a><\/td><\/tr><\/tbody><\/table><\/figure>\n","protected":false},"excerpt":{"rendered":"<p>Kontakte Allg. Kontaktadresse:KJGO(K\u00f6nizer Jugendgruppen Dach-Organisation)3098 K\u00f6niz Kontakt per E-Mail Adress\u00e4nderungen Kontakt per E-Mail F\u00fcr interessierte Neumitglieder Kontakt per E-Mail F\u00fcr Hinweise rund um unsere Anschlagk\u00e4sten und Publireportagen Kontakt per E-Mail Website Kontakt per E-Mail Aktueller Vorstand Daniel GersterPr\u00e4sident Kontakt per E-Mail Cathrine LiechtiVize-Pr\u00e4sidentin, Politik Kontakt per E-Mail Anita McEvoy\u00d6ffentlichkeitsarbeit Kontakt per E-Mail Titus ZimmermannKassier Kontakt &hellip; <a href=\"https:\/\/www.kjgo.ch\/kjgowp\/?page_id=23\" class=\"more-link\"><span class=\"screen-reader-text\">Vorstand \/ Kontakt<\/span> weiterlesen <span class=\"meta-nav\">&rarr;<\/span><\/a><\/p>\n","protected":false},"author":1,"featured_media":0,"parent":0,"menu_order":0,"comment_status":"closed","ping_status":"closed","template":"","meta":{"footnotes":""},"class_list":["post-23","page","type-page","status-publish","hentry"],"_links":{"self":[{"href":"https:\/\/www.kjgo.ch\/kjgowp\/index.php?rest_route=\/wp\/v2\/pages\/23","targetHints":{"allow":["GET"]}}],"collection":[{"href":"https:\/\/www.kjgo.ch\/kjgowp\/index.php?rest_route=\/wp\/v2\/pages"}],"about":[{"href":"https:\/\/www.kjgo.ch\/kjgowp\/index.php?rest_route=\/wp\/v2\/types\/page"}],"author":[{"embeddable":true,"href":"https:\/\/www.kjgo.ch\/kjgowp\/index.php?rest_route=\/wp\/v2\/users\/1"}],"replies":[{"embeddable":true,"href":"https:\/\/www.kjgo.ch\/kjgowp\/index.php?rest_route=%2Fwp%2Fv2%2Fcomments&post=23"}],"version-history":[{"count":13,"href":"https:\/\/www.kjgo.ch\/kjgowp\/index.php?rest_route=\/wp\/v2\/pages\/23\/revisions"}],"predecessor-version":[{"id":591,"href":"https:\/\/www.kjgo.ch\/kjgowp\/index.php?rest_route=\/wp\/v2\/pages\/23\/revisions\/591"}],"wp:attachment":[{"href":"https:\/\/www.kjgo.ch\/kjgowp\/index.php?rest_route=%2Fwp%2Fv2%2Fmedia&parent=23"}],"curies":[{"name":"wp","href":"https:\/\/api.w.org\/{rel}","templated":true}]}}