{"id":13,"date":"2018-06-05T13:20:55","date_gmt":"2018-06-05T12:20:55","guid":{"rendered":"http:\/\/www.kjgo.ch\/kjgowp\/?page_id=13"},"modified":"2018-06-05T22:44:47","modified_gmt":"2018-06-05T21:44:47","slug":"mitgliedschaften","status":"publish","type":"page","link":"https:\/\/www.kjgo.ch\/kjgowp\/?page_id=13","title":{"rendered":"Mitgliedschaften"},"content":{"rendered":"<p><strong>Kollektivmitgliedschaft<\/strong><\/p>\n<p>Kollektivmitglieder der KJGO k\u00f6nnen Gruppierungen sein, die in der organisierten Jugendarbeit t\u00e4tig sind. In der organisierten Jugendarbeit t\u00e4tig sind Gruppierungen mit Kindern und Jugendlichen zwischen 7 und 20 Jahren als Aktivmitglieder oder Gruppierungen, die in helfender Funktion f\u00fcr Kinder und Jugendliche wirken. Die Hauptaktivit\u00e4ten der Kollektivmitglieder m\u00fcssen in der Gemeinde K\u00f6niz liegen.<\/p>\n<p><strong>Einzelmitgliedschaft<\/strong><\/p>\n<p>Einzelmitglieder k\u00f6nnen nur Personen sein, die im Vorstand mitarbeiten.<\/p>\n<p><strong>Passivmitgliedschaft<\/strong><\/p>\n<p>Passivmitglieder sind Einzelpersonen, K\u00f6rperschaften oder Institutionen, die sich f\u00fcr die organisierte Jugendarbeit in der Gemeinde K\u00f6niz interessieren und ihre T\u00e4tigkeiten unterst\u00fctzen wollen. Sie werden \u00fcber die KJGO Aktivit\u00e4ten regelm\u00e4ssig informiert.<\/p>\n<p>Passivmitglied werden ist ganz einfach &#8211; eine kurze Anfrage bei uns gen\u00fcgt!<\/p>\n<p>Der G\u00f6nner-Beitrag betr\u00e4gt Fr. 30.&#8211;.<\/p>\n<p><strong>Spenden<\/strong><\/p>\n<p>Weitere Spenden werden gerne entgegengenommen: PC 30-19447-8<\/p>\n","protected":false},"excerpt":{"rendered":"<p>Kollektivmitgliedschaft Kollektivmitglieder der KJGO k\u00f6nnen Gruppierungen sein, die in der organisierten Jugendarbeit t\u00e4tig sind. In der organisierten Jugendarbeit t\u00e4tig sind Gruppierungen mit Kindern und Jugendlichen zwischen 7 und 20 Jahren als Aktivmitglieder oder Gruppierungen, die in helfender Funktion f\u00fcr Kinder und Jugendliche wirken. Die Hauptaktivit\u00e4ten der Kollektivmitglieder m\u00fcssen in der Gemeinde K\u00f6niz liegen. Einzelmitgliedschaft Einzelmitglieder &hellip; <a href=\"https:\/\/www.kjgo.ch\/kjgowp\/?page_id=13\" class=\"more-link\"><span class=\"screen-reader-text\">Mitgliedschaften<\/span> weiterlesen <span class=\"meta-nav\">&rarr;<\/span><\/a><\/p>\n","protected":false},"author":1,"featured_media":0,"parent":0,"menu_order":0,"comment_status":"closed","ping_status":"closed","template":"","meta":{"footnotes":""},"class_list":["post-13","page","type-page","status-publish","hentry"],"_links":{"self":[{"href":"https:\/\/www.kjgo.ch\/kjgowp\/index.php?rest_route=\/wp\/v2\/pages\/13","targetHints":{"allow":["GET"]}}],"collection":[{"href":"https:\/\/www.kjgo.ch\/kjgowp\/index.php?rest_route=\/wp\/v2\/pages"}],"about":[{"href":"https:\/\/www.kjgo.ch\/kjgowp\/index.php?rest_route=\/wp\/v2\/types\/page"}],"author":[{"embeddable":true,"href":"https:\/\/www.kjgo.ch\/kjgowp\/index.php?rest_route=\/wp\/v2\/users\/1"}],"replies":[{"embeddable":true,"href":"https:\/\/www.kjgo.ch\/kjgowp\/index.php?rest_route=%2Fwp%2Fv2%2Fcomments&post=13"}],"version-history":[{"count":3,"href":"https:\/\/www.kjgo.ch\/kjgowp\/index.php?rest_route=\/wp\/v2\/pages\/13\/revisions"}],"predecessor-version":[{"id":233,"href":"https:\/\/www.kjgo.ch\/kjgowp\/index.php?rest_route=\/wp\/v2\/pages\/13\/revisions\/233"}],"wp:attachment":[{"href":"https:\/\/www.kjgo.ch\/kjgowp\/index.php?rest_route=%2Fwp%2Fv2%2Fmedia&parent=13"}],"curies":[{"name":"wp","href":"https:\/\/api.w.org\/{rel}","templated":true}]}}